{"id":23,"date":"2024-02-01T16:22:00","date_gmt":"2024-02-01T13:22:00","guid":{"rendered":"https:\/\/sandalyefiyatlari.com.tr\/?post_type=product&#038;p=23"},"modified":"2024-09-01T17:31:48","modified_gmt":"2024-09-01T14:31:48","slug":"yemek-sandalyesi","status":"publish","type":"product","link":"https:\/\/sandalyefiyatlari.com.tr\/index.php\/product\/yemek-sandalyesi\/","title":{"rendered":"yemek sandalyesi"},"content":{"rendered":"<p>yemek masas\u0131 sandalyeleri yemek masalar\u0131n\u0131z\u0131 ba\u015ftan sona de\u011fi\u015ftirecek \u015f\u0131kl\u0131k ve tasar\u0131mda g\u00f6z al\u0131c\u0131 olams\u0131n\u0131 isterseniz bu modeli ka\u00e7\u0131rmay\u0131n<\/p>\n","protected":false},"excerpt":{"rendered":"<p>yemek masas\u0131 sandalyeleri<\/p>\n","protected":false},"featured_media":10733,"comment_status":"open","ping_status":"closed","template":"","meta":[],"product_brand":[],"product_cat":[15],"product_tag":[],"class_list":{"0":"post-23","1":"product","2":"type-product","3":"status-publish","4":"has-post-thumbnail","6":"product_cat-uncategorized","8":"first","9":"instock","10":"sale","11":"shipping-taxable","12":"purchasable","13":"product-type-simple"},"aioseo_notices":[],"jetpack_sharing_enabled":true,"_links":{"self":[{"href":"https:\/\/sandalyefiyatlari.com.tr\/index.php\/wp-json\/wp\/v2\/product\/23","targetHints":{"allow":["GET"]}}],"collection":[{"href":"https:\/\/sandalyefiyatlari.com.tr\/index.php\/wp-json\/wp\/v2\/product"}],"about":[{"href":"https:\/\/sandalyefiyatlari.com.tr\/index.php\/wp-json\/wp\/v2\/types\/product"}],"replies":[{"embeddable":true,"href":"https:\/\/sandalyefiyatlari.com.tr\/index.php\/wp-json\/wp\/v2\/comments?post=23"}],"version-history":[{"count":0,"href":"https:\/\/sandalyefiyatlari.com.tr\/index.php\/wp-json\/wp\/v2\/product\/23\/revisions"}],"wp:featuredmedia":[{"embeddable":true,"href":"https:\/\/sandalyefiyatlari.com.tr\/index.php\/wp-json\/wp\/v2\/media\/10733"}],"wp:attachment":[{"href":"https:\/\/sandalyefiyatlari.com.tr\/index.php\/wp-json\/wp\/v2\/media?parent=23"}],"wp:term":[{"taxonomy":"product_brand","embeddable":true,"href":"https:\/\/sandalyefiyatlari.com.tr\/index.php\/wp-json\/wp\/v2\/product_brand?post=23"},{"taxonomy":"product_cat","embeddable":true,"href":"https:\/\/sandalyefiyatlari.com.tr\/index.php\/wp-json\/wp\/v2\/product_cat?post=23"},{"taxonomy":"product_tag","embeddable":true,"href":"https:\/\/sandalyefiyatlari.com.tr\/index.php\/wp-json\/wp\/v2\/product_tag?post=23"}],"curies":[{"name":"wp","href":"https:\/\/api.w.org\/{rel}","templated":true}]}}